{"id":15177,"date":"2019-07-16T10:35:37","date_gmt":"2019-07-16T08:35:37","guid":{"rendered":"http:\/\/www.made-by-marta.com\/avisos-legales\/"},"modified":"2024-02-26T11:56:54","modified_gmt":"2024-02-26T10:56:54","slug":"avisos-legales","status":"publish","type":"page","link":"https:\/\/www.made-by-marta.com\/ca\/avisos-legales\/","title":{"rendered":"Avisos legales"},"content":{"rendered":"<h2>Identificaci\u00f3n y Titularidad<\/h2>\n\n<p>\n\t\tEn cumplimiento del art\u00edculo 10 de la Ley 34\/2002, de 11 de julio, de Servicios de la Sociedad de la Informaci\u00f3n y Comercio Electr\u00f3nico, el Titular expone sus datos identificativos:\n<\/p>\n\n<p>\n\t<ul>\t\t\n\t\t<li>\n\t\t\t<b>Titular:<\/b>&nbsp;\t\t\n\t\t\tMarta Dalmau Gonz\u00e1lez.\n\t\t\t\n\t\t<\/li>\n\t\t\n\t\t<li>\n\t\t\t<b>NIF:<\/b>&nbsp;38151910Q\n\t\t\t\n\t\t<\/li>\n\n\n\t\t<li>\n\t\t\t<b>Domicilio:<\/b>&nbsp;\n\t\t\t cam\u00ed de les Codines 35 - 08299 - Rellinar,  Barcelona - Espa\u00f1a.\n\t\t<\/li>\n\t\t\n\t\t<li>\n\t\t\t<b>Correo electr\u00f3nico:<\/b>&nbsp;\n\t\t\thello@madebymarta.com\n\t\t<\/li>\n\t\t\n\n\t\t<li>\n\t\t\t<b>Sitio Web:<\/b>&nbsp;\n\t\t\t<a href=\"https:\/\/www.made-by-marta.com\/ca\/\">https:\/\/www.made-by-marta.com<\/a>\n\t\t<\/li>\n\t<\/ul>\n<\/p>\n\n<h2>Finalidad<\/h2>\n<p>\n\tLa finalidad del Sitio Web es: Servicios de traducci\u00f3n.\t\n<\/p>\n\n\n<h2>Condiciones de Uso<\/h2>\n<p>\n\tLa utilizaci\u00f3n del Sitio Web le otorga la condici\u00f3n de Usuario, e implica la aceptaci\u00f3n completa de todas las cl\u00e1usulas y condiciones de uso incluidas en las p\u00e1ginas:\n\t<ul>\t\t\n\t\t<li><a href=\"https:\/\/www.made-by-marta.com\/ca\/avisos-legales\/\">Aviso Legal<\/a><\/li>\n\t\t<li><a href=\"https:\/\/www.made-by-marta.com\/ca\/politica-de-privacidad\/\">Pol\u00edtica de Privacidad<\/a><\/li>\n\t\t\n\t<\/ul>\t\n<\/p>\n\n<p>\n\tSi no estuviera conforme con todas y cada una de estas cl\u00e1usulas y condiciones abst\u00e9ngase de utilizar el Sitio Web.\n<\/p>\n\n<p>\t\n\tEl acceso al Sitio Web no supone, en modo alguno, el inicio de una relaci\u00f3n comercial con el Titular.\n<\/p>\n\n<p>\t\n\tA trav\u00e9s del Sitio Web, el Titular le facilita el acceso y la utilizaci\u00f3n de diversos contenidos que el Titular y\/o sus colaboradores han publicado por medio de Internet.\n<\/p>\n\n<p>\n\tA tal efecto, est\u00e1 obligado y comprometido a NO utilizar cualquiera de los contenidos del Sitio Web con fines o efectos il\u00edcitos, prohibidos en este Aviso Legal o por la legislaci\u00f3n vigente, lesivos de los derechos e intereses de terceros, o que de cualquier forma puedan da\u00f1ar, inutilizar, sobrecargar, deteriorar o impedir la normal utilizaci\u00f3n de los contenidos, los equipos inform\u00e1ticos o los documentos, archivos y toda clase de contenidos almacenados en cualquier equipo inform\u00e1tico propios o contratados por el Titular, de otros usuarios o de cualquier usuario de Internet.\n<\/p>\n\n\n\n\n\n\n<h2>Medidas de seguridad<\/h2>\n<p>\n\tLos datos personales que facilite al Titular pueden ser almacenados en bases de datos automatizadas o no, cuya titularidad corresponde en exclusiva al Titular, que asume todas las medidas de \u00edndole t\u00e9cnica, organizativa y de seguridad que garantizan la confidencialidad, integridad y calidad de la informaci\u00f3n contenida en las mismas de acuerdo con lo establecido en la normativa vigente en protecci\u00f3n de datos.\n<\/p>\n<p>\n\tNo obstante, debe ser consciente de que las medidas de seguridad de los sistemas inform\u00e1ticos en Internet no son enteramente fiables y que, por tanto el Titular no puede garantizar la inexistencia de virus u otros elementos que puedan producir alteraciones en los sistemas inform\u00e1ticos (software y hardware) del Usuario o en sus documentos electr\u00f3nicos y ficheros contenidos en los mismos aunque el Titular pone todos los medios necesarios y toma las medidas de seguridad oportunas para evitar la presencia de estos elementos da\u00f1inos.\n<\/p>\n\n\n<h2>Tratamiento de Datos Personales<\/h2>\n<p>\t\n\tPuede consultar toda la informaci\u00f3n relativa al tratamiento de datos personales que recoge el Titular en la p\u00e1gina de  <a href=\"https:\/\/www.made-by-marta.com\/ca\/politica-de-privacidad\/\">Pol\u00edtica de Privacidad<\/a>.\n<\/p>\n\n<h2>Contenidos<\/h2>\n<p>\n\tEl Titular ha obtenido la informaci\u00f3n, el contenido multimedia y los materiales incluidos en el Sitio Web de fuentes que considera fiables, pero, si bien ha tomado todas las medidas razonables para asegurar que la informaci\u00f3n contenida es correcta, el Titular no garantiza que sea exacta, completa o actualizada. El Titular declina expresamente cualquier responsabilidad por error u omisi\u00f3n en la informaci\u00f3n contenida en las p\u00e1ginas del Sitio Web.\n<\/p>\n\n<p>\n\tQueda prohibido transmitir o enviar a trav\u00e9s del Sitio Web cualquier contenido ilegal o il\u00edcito, virus inform\u00e1ticos, o mensajes que, en general, afecten o violen derechos del Titular o de terceros.\n<\/p>\n\n<p>\n\tLos contenidos del Sitio Web tienen \u00fanicamente una finalidad informativa y bajo ninguna circunstancia deben usarse ni considerarse como oferta de venta, solicitud de una oferta de compra ni recomendaci\u00f3n para realizar cualquier otra operaci\u00f3n, salvo que as\u00ed se indique expresamente.\n<\/p>\n\n<p>\n\tEl Titular se reserva el derecho a modificar, suspender, cancelar o restringir el contenido del Sitio Web, los v\u00ednculos o la informaci\u00f3n obtenida a trav\u00e9s del Sitio Web, sin necesidad de previo aviso.\n<\/p>\n\n<p>\n\tEl Titular\u00a0no es responsable de los da\u00f1os y perjuicios que pudieran derivarse de la utilizaci\u00f3n de la informaci\u00f3n del Sitio Web.\n<\/p>\n\n\n<h2>Pol\u00edtica de cookies<\/h2>\n<p>\n\tEl Titular obtiene y conserva la siguiente informaci\u00f3n acerca de los visitantes del Sitio Web:\n<\/p>\n<p>\n\t<ul>\n\t\t<li>El nombre de dominio del proveedor (PSI) y\/o direcci\u00f3n IP que les da acceso a la red.<\/li>\n\t\t<li>La fecha y hora de acceso al sitio Web.<\/li>\n\t\t<li>La direcci\u00f3n de Internet origen del enlace que dirige al sitio Web.<\/li>\n\t\t<li>El n\u00famero de visitantes diarios de cada secci\u00f3n.<\/li>\n\t\t<li>La informaci\u00f3n obtenida es totalmente an\u00f3nima, y en ning\u00fan caso puede ser asociada a un Usuario concreto e identificado.<\/li>\n\t<\/ul>\n<\/p>\n\n\n<h2>Enlaces a otros sitios Web<\/h2>\n<p>\n\tEl Titular puede proporcionarle acceso a sitios Web de terceros mediante enlaces con la finalidad exclusiva de informar sobre la existencia de otras fuentes de informaci\u00f3n en Internet en las que podr\u00e1 ampliar los datos ofrecidos en el Sitio Web.\n<\/p>\n\n<p>\t\n\tEstos enlaces a otros sitios Web no suponen en ning\u00fan caso una sugerencia o recomendaci\u00f3n para que usted visite las p\u00e1ginas web de destino, que est\u00e1n fuera del control del Titular, por lo que el Titular no es responsable del contenido de los sitios web vinculados ni del resultado que obtenga al seguir los enlaces.\n\tAsimismo, el Titular no responde de los links o enlaces ubicados en los sitios web vinculados a los que le proporciona acceso.\n<\/p>\n\n<p>\n\tEl establecimiento del enlace no implica en ning\u00fan caso la existencia de relaciones entre el Titular y el propietario del sitio en el que se establezca el enlace, ni la aceptaci\u00f3n o aprobaci\u00f3n por parte del Titular de sus contenidos o servicios.\n<\/p>\n\n<p>\t\n\tSi accede a un sitio web externo desde un enlace que encuentre en el Sitio Web usted deber\u00e1 leer la propia pol\u00edtica de privacidad del otro sitio web que puede ser diferente de la de este sitio Web.\n<\/p>\n\n\n\n<h2>Propiedad intelectual e industrial<\/h2>\n<p>\n\tTodos los derechos est\u00e1n reservados.\n<\/p>\n<p>\n\tTodo acceso a este Sitio Web est\u00e1 sujeto a las siguientes condiciones: la reproducci\u00f3n, almacenaje permanente y la difusi\u00f3n de los contenidos o cualquier otro uso que tenga finalidad p\u00fablica o comercial queda expresamente prohibida sin el consentimiento previo expreso y por escrito del Titular.\n<\/p>\n\n\n<h2>Limitaci\u00f3n de responsabilidad<\/h2>\n<p>\n\tLa informaci\u00f3n y servicios incluidos o disponibles a trav\u00e9s del Sitio Web pueden incluir incorrecciones o errores tipogr\u00e1ficos. De forma peri\u00f3dica el Titular incorpora mejoras y\/o cambios a la informaci\u00f3n contenida y\/o los Servicios que puede introducir en cualquier momento.\n<\/p>\n<p>\n\tEl Titular no declara ni garantiza que los servicios o contenidos sean interrumpidos o que est\u00e9n libres de errores, que los defectos sean corregidos, o que el servicio o el servidor que lo pone a disposici\u00f3n est\u00e9n libres de virus u otros componentes nocivos sin perjuicio de que el Titular realiza todos los esfuerzos en evitar este tipo de incidentes.\n<\/p>\n<p>\n\tEl Titular declina cualquier responsabilidad en caso de que existan interrupciones o un mal funcionamiento de los Servicios o contenidos ofrecidos en Internet, cualquiera que sea su causa. Asimismo, el Titular no se hace responsable por ca\u00eddas de la red, p\u00e9rdidas de negocio a consecuencia de dichas ca\u00eddas, suspensiones temporales de fluido el\u00e9ctrico o cualquier otro tipo de da\u00f1o indirecto que te pueda ser causado por causas ajenas a el Titular.\n<\/p>\n<p>\n\tAntes de tomar decisiones y\/o acciones con base a la informaci\u00f3n incluida en el Sitio Web, el Titular le recomienda comprobar y contrastar la informaci\u00f3n recibida con otras fuentes.\n<\/p>\n\n\n\n<h2>Jurisdicci\u00f3n<\/h2>\n<p>\t\n\tEste Aviso Legal se rige \u00edntegramente por la legislaci\u00f3n espa\u00f1ola.\n<\/p>\n\n<p>\n\tSiempre que no haya una norma que obligue a otra cosa, para cuantas cuestiones se susciten sobre la interpretaci\u00f3n, aplicaci\u00f3n y cumplimiento de este Aviso Legal, as\u00ed como de las reclamaciones que puedan derivarse de su uso, las partes acuerdan someterse a los Jueces y Tribunales de la provincia de Barcelona, con renuncia expresa de cualquier otra jurisdicci\u00f3n que pudiera corresponderles.\n<\/p>\n\n<h2>Contacto<\/h2>\n<p>\t\n\tEn caso de que usted tenga cualquier duda acerca de este Aviso Legal o quiera realizar cualquier comentario sobre el Sitio Web, puede enviar un mensaje de correo electr\u00f3nico a la direcci\u00f3n: hello@madebymarta.com\n<\/p>\n<div id=\"clickdatos\">\n<p>El presente Aviso Legal regula las condiciones generales de acceso y utilizaci\u00f3n del sitio web accesible en la direcci\u00f3n URL http:\/\/www.made-by-marta.com (en adelante, el sitio web), que Made By Marta pone a disposici\u00f3n de los usuarios de Internet.<br \/>\nLa utilizaci\u00f3n del sitio web implica la aceptaci\u00f3n plena y sin reservas de todas y cada una de las disposiciones incluidas en este Aviso Legal. En consecuencia, el usuario del sitio web debe leer atentamente el presente Aviso Legal en cada una de las ocasiones en que se proponga utilizar la web, ya que el texto podr\u00eda sufrir modificaciones a criterio del titular de la web, o a causa de un cambio legislativo, jurisprudencial o en la pr\u00e1ctica empresarial.<\/p>\n<h2>1.- TITULARIDAD DEL SITIO WEB.<\/h2>\n<p>Raz\u00f3n Social de la Empresa: made-by-marta<br \/>\nNombre del titular: Marta Dalmau Gonzalez<br \/>\nDomicilio social: cam\u00ed de les Codines, 35<br \/>\nPoblaci\u00f3n: Rellinars<br \/>\nProvincia: Barcelona<br \/>\nC.P.: 08299<br \/>\nC.I.F.\/D.N.I.: 38151910Q<br \/>\nTel\u00e9fono de contacto: 607452083<br \/>\nCorreo electr\u00f3nico: hello@madebymarta.com<br \/>\nDatos registrales:<\/p>\n<h2>2.- OBJETO.<\/h2>\n<p>El sitio web facilita a los usuarios del mismo el acceso a informaci\u00f3n y servicios prestados por Made By Marta a aquellas personas u organizaciones interesadas en los mismos.<\/p>\n<h2>3.- ACCESO Y UTILIZACI\u00d3N DE LA WEB.<\/h2>\n<p>3.1.- Car\u00e1cter gratuito del acceso y utilizaci\u00f3n de la web.<br \/>\nEl acceso a la web tiene car\u00e1cter gratuito para los usuarios de la misma.<br \/>\n3.2.- Registro de usuarios.<br \/>\nCon car\u00e1cter general el acceso y utilizaci\u00f3n de la web no exige la previa suscripci\u00f3n o registro de los usuarios de la misma.<\/p>\n<h2>4.- CONTENIDOS DE LA WEB.<\/h2>\n<p>El idioma utilizado por el titular en la web ser\u00e1 el castellano. Made By Marta no se responsabiliza de la no comprensi\u00f3n o entendimiento del idioma de la web por el usuario, ni de sus consecuencias.<br \/>\nMade By Marta podr\u00e1 modificar los contenidos sin previo aviso, as\u00ed como suprimir y cambiar \u00e9stos dentro de la web, como la forma en que se accede a \u00e9stos, sin justificaci\u00f3n alguna y libremente, no responsabiliz\u00e1ndose de las consecuencias que los mismos puedan ocasionar a los usuarios.<br \/>\nSe proh\u00edbe el uso de los contenidos de la web para promocionar, contratar o divulgar publicidad o informaci\u00f3n propia o de terceras personas sin la autorizaci\u00f3n de Made By Marta, ni remitir publicidad o informaci\u00f3n vali\u00e9ndose para ello de los servicios o informaci\u00f3n que se ponen a disposici\u00f3n de los usuarios, independientemente de si la utilizaci\u00f3n es gratuita o no.<br \/>\nLos enlaces o hiperenlaces que incorporen terceros en sus p\u00e1ginas web, dirigidos a esta web, ser\u00e1n para la apertura de la p\u00e1gina web completa, no pudiendo manifestar, directa o indirectamente, indicaciones falsas, inexactas o confusas, ni incurrir en acciones desleales o il\u00edcitas en contra de Made By Marta<\/p>\n<h2>5.- LIMITACI\u00d3N DE RESPONSABILIDAD.<\/h2>\n<p>Tanto el acceso a la web como el uso inconsentido que pueda efectuarse de la informaci\u00f3n contenida en la misma es de la exclusiva responsabilidad de quien lo realiza. Made By Marta no responder\u00e1 de ninguna consecuencia, da\u00f1o o perjuicio que pudieran derivarse de dicho acceso o uso. Made By Marta no se hace responsable de los errores de seguridad, que se puedan producir ni de los da\u00f1os que puedan causarse al sistema inform\u00e1tico del usuario (hardware y software), o a los ficheros o documentos almacenados en el mismo, como consecuencia de:<br \/>\n\u2013 la presencia de un virus en el ordenador del usuario que sea utilizado para la conexi\u00f3n a los servicios y contenidos de la web,<br \/>\n\u2013 un mal funcionamiento del navegador,<br \/>\n\u2013 y\/o del uso de versiones no actualizadas del mismo.<br \/>\nMade By Marta no se hace responsable de la fiabilidad y rapidez de los hiperenlaces que se incorporen en la web para la apertura de otras. Made By Marta no garantiza la utilidad de estos enlaces, ni se responsabiliza de los contenidos o servicios a los que pueda acceder el usuario por medio de estos enlaces, ni del buen funcionamiento de estas webs.<br \/>\nMade By Marta no ser\u00e1 responsable de los virus o dem\u00e1s programas inform\u00e1ticos que deterioren o puedan deteriorar los sistemas o equipos inform\u00e1ticos de los usuarios al acceder a su web u otras webs a las que se haya accedido mediante enlaces de esta web.<\/p>\n<h2>6.- EMPLEO DE LA TECNOLOG\u00cdA &#8220;COOKIE&#8221;?.<\/h2>\n<p>La web no emplea cookies ni cualquier otro procedimiento invisible de recogida de informaci\u00f3n cuando el usuario navega por ella, respetando en todo momento la confidencialidad e intimidad del mismo.<br \/>\n*SI SE EMPLEAN COOKIES CONSULTAR COMUNICADO SOBRE USO DE COOKIES La web emplea cookies, puede consultar nuestra Pol\u00edtica de Cookies, que respeta en todo momento la confidencialidad e intimidad del mismo.<\/p>\n<h2>7.- PROPIEDAD INTELECTUAL E INDUSTRIAL.<\/h2>\n<p>Son propiedad de Made By Marta, todos los derechos de propiedad industrial e intelectual de la web, as\u00ed como de los contenidos que alberga. Cualquier uso de la web o sus contenidos deber\u00e1 tener un car\u00e1cter exclusivamente particular. Est\u00e1 reservado exclusivamente a \u2026\u2026\u2026., cualquier otro uso que suponga la copia, reproducci\u00f3n, distribuci\u00f3n, transformaci\u00f3n, comunicaci\u00f3n p\u00fablica o cualquier otra acci\u00f3n similar, de todo o parte de los contenidos de la web, por lo que ning\u00fan usuario podr\u00e1 llevar a cabo estas acciones sin la autorizaci\u00f3n previa y por escrito de Made By Marta<\/p>\n<h2>\u00a08.- POL\u00cdTICA DE PRIVACIDAD Y PROTECCION DE DATOS<\/h2>\n<p>Made By Marta garantiza la protecci\u00f3n y confidencialidad de los datos personales, de cualquier tipo que nos proporcionen nuestras empresas clientes de acuerdo con lo dispuesto en la Ley Org\u00e1nica 15\/1999, de 13 de Diciembre de Protecci\u00f3n de Datos de Car\u00e1cter Personal.<br \/>\nTodos los datos facilitados por nuestras empresas clientes a Made By Marta o a su personal, ser\u00e1n incluidos en un fichero automatizado de datos de car\u00e1cter personal creado y mantenido bajo la responsabilidad de Made By Marta, imprescindibles para prestar los servicios solicitados por los usuarios.<br \/>\nLos datos facilitados ser\u00e1n tratados seg\u00fan el Reglamento de Medidas de Seguridad (Real Decreto 1720\/2007 de 21 de Diciembre), en este sentido Made By Marta ha adoptado los niveles de protecci\u00f3n que legalmente se exigen, y ha instalado todas las medidas t\u00e9cnicas a su alcance para evitar la perdida, mal uso, alteraci\u00f3n, acceso no autorizado por terceros. No obstante, el usuario debe ser consciente de que las medidas de seguridad en Internet no son inexpugnables. En caso en que considere oportuno que se cedan sus datos de car\u00e1cter personal a otras entidades, el usuario ser\u00e1 informado de los datos cedidos, de la finalidad del fichero y del nombre y direcci\u00f3n del cesionario, para que de su consentimiento inequ\u00edvoco al respecto.<br \/>\nEn cumplimiento de lo establecido en la RGPD, el usuario podr\u00e1 ejercer sus derechos de acceso, rectificaci\u00f3n, cancelaci\u00f3n y oposici\u00f3n. Para ello debe de contactar con nosotros en hello@madebymarta.com<\/p>\n<h2>9.- LEGISLACI\u00d3N APLICABLE Y JURISDICCI\u00d3N COMPETENTE.<\/h2>\n<p>El presente Aviso Legal se interpretar\u00e1 y regir\u00e1 de conformidad con la legislaci\u00f3n espa\u00f1ola. Made By Marta y los usuarios, con renuncia expresa a cualquier otro fuero que pudiera corresponderles, se someten al de los juzgados y tribunales del domicilio del usuario para cualquier controversia que pudiera derivarse del acceso o uso de la web. En el caso de que el usuario tenga su domicilio fuera de Espa\u00f1a, Made By Marta y el usuario, se someten, con renuncia expresa a cualquier otro fuero, a los juzgados y tribunales del domicilio de Made By Marta<\/p>\n<\/div>","protected":false},"excerpt":{"rendered":"<p>Identificaci\u00f3n y Titularidad En cumplimiento del art\u00edculo 10 de la Ley 34\/2002, de 11 de julio, de Servicios de la Sociedad de la Informaci\u00f3n y Comercio Electr\u00f3nico, el Titular expone sus datos identificativos: Titular:&nbsp; Marta Dalmau Gonz\u00e1lez. NIF:&nbsp;38151910Q Domicilio:&nbsp; cam\u00ed de les Codines 35 &#8211; 08299 &#8211; Rellinar, Barcelona &#8211; Espa\u00f1a. Correo electr\u00f3nico:&nbsp; hello@madebymarta.com Sitio&hellip;<\/p>","protected":false},"author":1,"featured_media":0,"parent":0,"menu_order":0,"comment_status":"closed","ping_status":"closed","template":"","meta":{"_exactmetrics_skip_tracking":false,"_exactmetrics_sitenote_active":false,"_exactmetrics_sitenote_note":"","_exactmetrics_sitenote_category":0},"yoast_head":"<!-- This site is optimized with the Yoast SEO plugin v20.0 - https:\/\/yoast.com\/wordpress\/plugins\/seo\/ -->\n<title>Avisos legales - MadeByMarta<\/title>\n<meta name=\"description\" content=\"MadeByMarta is a young, enterprising and versatile language services company that is committed to excellence in service and can adapt to meet a wide range of needs.\" \/>\n<meta name=\"robots\" content=\"noindex, nofollow\" \/>\n<meta property=\"og:locale\" content=\"ca_ES\" \/>\n<meta property=\"og:type\" content=\"article\" \/>\n<meta property=\"og:title\" content=\"Avisos legales - MadeByMarta\" \/>\n<meta property=\"og:description\" content=\"MadeByMarta is a young, enterprising and versatile language services company that is committed to excellence in service and can adapt to meet a wide range of needs.\" \/>\n<meta property=\"og:url\" content=\"https:\/\/www.made-by-marta.com\/ca\/avisos-legales\/\" \/>\n<meta property=\"og:site_name\" content=\"MadeByMarta\" \/>\n<meta property=\"article:modified_time\" content=\"2024-02-26T10:56:54+00:00\" \/>\n<meta name=\"twitter:card\" content=\"summary_large_image\" \/>\n<meta name=\"twitter:label1\" content=\"Temps estimat de lectura\" \/>\n\t<meta name=\"twitter:data1\" content=\"6 minuts\" \/>\n<script type=\"application\/ld+json\" class=\"yoast-schema-graph\">{\"@context\":\"https:\/\/schema.org\",\"@graph\":[{\"@type\":\"WebPage\",\"@id\":\"https:\/\/www.made-by-marta.com\/avisos-legales\/\",\"url\":\"https:\/\/www.made-by-marta.com\/avisos-legales\/\",\"name\":\"Avisos legales - MadeByMarta\",\"isPartOf\":{\"@id\":\"https:\/\/www.made-by-marta.com\/#website\"},\"datePublished\":\"2019-07-16T08:35:37+00:00\",\"dateModified\":\"2024-02-26T10:56:54+00:00\",\"description\":\"MadeByMarta is a young, enterprising and versatile language services company that is committed to excellence in service and can adapt to meet a wide range of needs.\",\"breadcrumb\":{\"@id\":\"https:\/\/www.made-by-marta.com\/avisos-legales\/#breadcrumb\"},\"inLanguage\":\"ca\",\"potentialAction\":[{\"@type\":\"ReadAction\",\"target\":[\"https:\/\/www.made-by-marta.com\/avisos-legales\/\"]}]},{\"@type\":\"BreadcrumbList\",\"@id\":\"https:\/\/www.made-by-marta.com\/avisos-legales\/#breadcrumb\",\"itemListElement\":[{\"@type\":\"ListItem\",\"position\":1,\"name\":\"Portada\",\"item\":\"https:\/\/www.made-by-marta.com\/\"},{\"@type\":\"ListItem\",\"position\":2,\"name\":\"Avisos legales\"}]},{\"@type\":\"WebSite\",\"@id\":\"https:\/\/www.made-by-marta.com\/#website\",\"url\":\"https:\/\/www.made-by-marta.com\/\",\"name\":\"MadeByMarta\",\"description\":\"Translation services\",\"publisher\":{\"@id\":\"https:\/\/www.made-by-marta.com\/#\/schema\/person\/0b7b1e1107df7d1a9e5c38ddeaa1d183\"},\"potentialAction\":[{\"@type\":\"SearchAction\",\"target\":{\"@type\":\"EntryPoint\",\"urlTemplate\":\"https:\/\/www.made-by-marta.com\/?s={search_term_string}\"},\"query-input\":\"required name=search_term_string\"}],\"inLanguage\":\"ca\"},{\"@type\":[\"Person\",\"Organization\"],\"@id\":\"https:\/\/www.made-by-marta.com\/#\/schema\/person\/0b7b1e1107df7d1a9e5c38ddeaa1d183\",\"name\":\"madebymarta\",\"image\":{\"@type\":\"ImageObject\",\"inLanguage\":\"ca\",\"@id\":\"https:\/\/www.made-by-marta.com\/#\/schema\/person\/image\/\",\"url\":\"https:\/\/secure.gravatar.com\/avatar\/22b84f361056de6738297b4b971c5c02?s=96&d=mm&r=g\",\"contentUrl\":\"https:\/\/secure.gravatar.com\/avatar\/22b84f361056de6738297b4b971c5c02?s=96&d=mm&r=g\",\"caption\":\"madebymarta\"},\"logo\":{\"@id\":\"https:\/\/www.made-by-marta.com\/#\/schema\/person\/image\/\"}}]}<\/script>\n<!-- \/ Yoast SEO plugin. -->","yoast_head_json":{"title":"Avisos legales - MadeByMarta","description":"MadeByMarta is a young, enterprising and versatile language services company that is committed to excellence in service and can adapt to meet a wide range of needs.","robots":{"index":"noindex","follow":"nofollow"},"og_locale":"ca_ES","og_type":"article","og_title":"Avisos legales - MadeByMarta","og_description":"MadeByMarta is a young, enterprising and versatile language services company that is committed to excellence in service and can adapt to meet a wide range of needs.","og_url":"https:\/\/www.made-by-marta.com\/ca\/avisos-legales\/","og_site_name":"MadeByMarta","article_modified_time":"2024-02-26T10:56:54+00:00","twitter_card":"summary_large_image","twitter_misc":{"Temps estimat de lectura":"6 minuts"},"schema":{"@context":"https:\/\/schema.org","@graph":[{"@type":"WebPage","@id":"https:\/\/www.made-by-marta.com\/avisos-legales\/","url":"https:\/\/www.made-by-marta.com\/avisos-legales\/","name":"Avisos legales - MadeByMarta","isPartOf":{"@id":"https:\/\/www.made-by-marta.com\/#website"},"datePublished":"2019-07-16T08:35:37+00:00","dateModified":"2024-02-26T10:56:54+00:00","description":"MadeByMarta is a young, enterprising and versatile language services company that is committed to excellence in service and can adapt to meet a wide range of needs.","breadcrumb":{"@id":"https:\/\/www.made-by-marta.com\/avisos-legales\/#breadcrumb"},"inLanguage":"ca","potentialAction":[{"@type":"ReadAction","target":["https:\/\/www.made-by-marta.com\/avisos-legales\/"]}]},{"@type":"BreadcrumbList","@id":"https:\/\/www.made-by-marta.com\/avisos-legales\/#breadcrumb","itemListElement":[{"@type":"ListItem","position":1,"name":"Portada","item":"https:\/\/www.made-by-marta.com\/"},{"@type":"ListItem","position":2,"name":"Avisos legales"}]},{"@type":"WebSite","@id":"https:\/\/www.made-by-marta.com\/#website","url":"https:\/\/www.made-by-marta.com\/","name":"MadeByMarta","description":"Translation services","publisher":{"@id":"https:\/\/www.made-by-marta.com\/#\/schema\/person\/0b7b1e1107df7d1a9e5c38ddeaa1d183"},"potentialAction":[{"@type":"SearchAction","target":{"@type":"EntryPoint","urlTemplate":"https:\/\/www.made-by-marta.com\/?s={search_term_string}"},"query-input":"required name=search_term_string"}],"inLanguage":"ca"},{"@type":["Person","Organization"],"@id":"https:\/\/www.made-by-marta.com\/#\/schema\/person\/0b7b1e1107df7d1a9e5c38ddeaa1d183","name":"madebymarta","image":{"@type":"ImageObject","inLanguage":"ca","@id":"https:\/\/www.made-by-marta.com\/#\/schema\/person\/image\/","url":"https:\/\/secure.gravatar.com\/avatar\/22b84f361056de6738297b4b971c5c02?s=96&d=mm&r=g","contentUrl":"https:\/\/secure.gravatar.com\/avatar\/22b84f361056de6738297b4b971c5c02?s=96&d=mm&r=g","caption":"madebymarta"},"logo":{"@id":"https:\/\/www.made-by-marta.com\/#\/schema\/person\/image\/"}}]}},"_links":{"self":[{"href":"https:\/\/www.made-by-marta.com\/ca\/wp-json\/wp\/v2\/pages\/15177"}],"collection":[{"href":"https:\/\/www.made-by-marta.com\/ca\/wp-json\/wp\/v2\/pages"}],"about":[{"href":"https:\/\/www.made-by-marta.com\/ca\/wp-json\/wp\/v2\/types\/page"}],"author":[{"embeddable":true,"href":"https:\/\/www.made-by-marta.com\/ca\/wp-json\/wp\/v2\/users\/1"}],"replies":[{"embeddable":true,"href":"https:\/\/www.made-by-marta.com\/ca\/wp-json\/wp\/v2\/comments?post=15177"}],"version-history":[{"count":4,"href":"https:\/\/www.made-by-marta.com\/ca\/wp-json\/wp\/v2\/pages\/15177\/revisions"}],"predecessor-version":[{"id":15476,"href":"https:\/\/www.made-by-marta.com\/ca\/wp-json\/wp\/v2\/pages\/15177\/revisions\/15476"}],"wp:attachment":[{"href":"https:\/\/www.made-by-marta.com\/ca\/wp-json\/wp\/v2\/media?parent=15177"}],"curies":[{"name":"wp","href":"https:\/\/api.w.org\/{rel}","templated":true}]}}